{"id":91,"date":"2023-03-26T19:11:44","date_gmt":"2023-03-26T17:11:44","guid":{"rendered":"http:\/\/lames-experts.fr\/index.php\/home\/"},"modified":"2023-03-28T17:50:51","modified_gmt":"2023-03-28T15:50:51","slug":"home","status":"publish","type":"page","link":"https:\/\/lames-experts.fr\/","title":{"rendered":"Bienvenue chez Lames Experts"},"content":{"rendered":"\n<p>Depuis 2008, Lames Experts est au service des entreprises pour trouver l&#8217;outil le plus adapt\u00e9 \u00e0 la situation<\/p>\n\n\n\n<p>Nos couteaux vous serviront \u00e0 :<br>couper, \u00e0 percer, \u00e0 hacher et \u00e0 racler, \u00e0 trancher, \u00e0 grainer, \u00e0 granuler et \u00e0 \u00e9mincer, \u00e0 garnir et \u00e0 envelopper.<\/p>\n\n\n\n<p>Que vos lames soient tranchantes, arrondies, lisses, \u00e0 scie ou en spirale.<\/p>\n\n\n\n<p>Notre stock tr\u00e8s complet est \u00e0 disposition \u00e0 fin d\u2019accommoder les plus grandes machines d\u2019Europe et nos produits \u2019State Of The Art\u2019 sont \u00e9galement disponibles en tous formats souhait\u00e9s en carbone, en inox, en acier de tungst\u00e8ne et en c\u00e9ramique ou bien encore am\u00e9liorer tous produits standards avec l\u2019une de nos couches en PVD \u00e0 faibles frictions longue dur\u00e9e.<\/p>\n\n\n\n<p>Lames Experts offre le plus grand choix dans toute l\u2019Europe de lames pour machines, couteaux de suret\u00e9, ainsi que de lames tranchantes industrielles pour les mat\u00e9riaux plastiques, l\u2019emballage, la modification, l\u2019imprimerie et l\u2019alimentation.<\/p>\n\n\n\n<p>N\u2019h\u00e9sitez pas \u00e0 nous transmettre vos r\u00e9f\u00e9rences, plans, croquis, ou \u00e9chantillons<\/p>\n","protected":false},"excerpt":{"rendered":"<p>Depuis 2008, Lames Experts est au service des entreprises pour trouver l&#8217;outil le plus adapt\u00e9 \u00e0 la situation Nos couteaux vous serviront \u00e0 :couper, \u00e0 percer, \u00e0 hacher et \u00e0&hellip;<\/p>\n","protected":false},"author":1,"featured_media":0,"parent":0,"menu_order":0,"comment_status":"closed","ping_status":"closed","template":"templates\/template-homepage-one.php","meta":{"_ti_tpc_template_sync":false,"_ti_tpc_template_id":"","footnotes":""},"class_list":["post-91","page","type-page","status-publish","hentry"],"_links":{"self":[{"href":"https:\/\/lames-experts.fr\/index.php\/wp-json\/wp\/v2\/pages\/91","targetHints":{"allow":["GET"]}}],"collection":[{"href":"https:\/\/lames-experts.fr\/index.php\/wp-json\/wp\/v2\/pages"}],"about":[{"href":"https:\/\/lames-experts.fr\/index.php\/wp-json\/wp\/v2\/types\/page"}],"author":[{"embeddable":true,"href":"https:\/\/lames-experts.fr\/index.php\/wp-json\/wp\/v2\/users\/1"}],"replies":[{"embeddable":true,"href":"https:\/\/lames-experts.fr\/index.php\/wp-json\/wp\/v2\/comments?post=91"}],"version-history":[{"count":3,"href":"https:\/\/lames-experts.fr\/index.php\/wp-json\/wp\/v2\/pages\/91\/revisions"}],"predecessor-version":[{"id":376,"href":"https:\/\/lames-experts.fr\/index.php\/wp-json\/wp\/v2\/pages\/91\/revisions\/376"}],"wp:attachment":[{"href":"https:\/\/lames-experts.fr\/index.php\/wp-json\/wp\/v2\/media?parent=91"}],"curies":[{"name":"wp","href":"https:\/\/api.w.org\/{rel}","templated":true}]}}