{"id":362,"date":"2023-03-28T17:20:39","date_gmt":"2023-03-28T15:20:39","guid":{"rendered":"http:\/\/lames-experts.fr\/?page_id=362"},"modified":"2023-03-29T20:01:22","modified_gmt":"2023-03-29T18:01:22","slug":"objets-publicitaires","status":"publish","type":"page","link":"https:\/\/lames-experts.fr\/index.php\/objets-publicitaires\/","title":{"rendered":"OBJETS PUBLICITAIRES"},"content":{"rendered":"\n<p>Nous pouvons assurer le marquage \u00e0 votre logo ou votre message publicitaire<br>sur une large s\u00e9lection de cutters et d&#8217;outils, \u00e0 commencer par ceux<br>pr\u00e9sent\u00e9s ci dessous.<br>Chacun de ces articles dispose de lames rechange, assurant la p\u00e9rennit\u00e9<br>de votre message.<br>N&#8217;h\u00e9sitez pas \u00e0 nous <a href=\"http:\/\/lames-experts.fr\/index.php\/contact\/\">contacter<\/a> pour plus d&#8217;informations ou un devis<\/p>\n\n\n\n<div class=\"wp-block-columns is-layout-flex wp-container-core-columns-is-layout-9d6595d7 wp-block-columns-is-layout-flex\">\n<div class=\"wp-block-column is-layout-flow wp-block-column-is-layout-flow\"><div class=\"wp-block-image\">\n<figure class=\"aligncenter size-full\"><img loading=\"lazy\" decoding=\"async\" width=\"150\" height=\"105\" src=\"http:\/\/lames-experts.fr\/wp-content\/uploads\/2023\/03\/securite-12.gif\" alt=\"\" class=\"wp-image-408\"\/><\/figure>\n<\/div><\/div>\n\n\n\n<div class=\"wp-block-column is-layout-flow wp-block-column-is-layout-flow\"><div class=\"wp-block-image\">\n<figure class=\"aligncenter size-full\"><img loading=\"lazy\" decoding=\"async\" width=\"150\" height=\"105\" src=\"http:\/\/lames-experts.fr\/wp-content\/uploads\/2023\/03\/knife-14-3.gif\" alt=\"\" class=\"wp-image-409\"\/><\/figure>\n<\/div><\/div>\n\n\n\n<div class=\"wp-block-column is-layout-flow wp-block-column-is-layout-flow\"><div class=\"wp-block-image\">\n<figure class=\"aligncenter size-full\"><img loading=\"lazy\" decoding=\"async\" width=\"150\" height=\"105\" src=\"http:\/\/lames-experts.fr\/wp-content\/uploads\/2023\/03\/knive-3-1.gif\" alt=\"\" class=\"wp-image-410\"\/><\/figure>\n<\/div><\/div>\n<\/div>\n","protected":false},"excerpt":{"rendered":"<p>Nous pouvons assurer le marquage \u00e0 votre logo ou votre message publicitairesur une large s\u00e9lection de cutters et d&#8217;outils, \u00e0 commencer par ceuxpr\u00e9sent\u00e9s ci dessous.Chacun de ces articles dispose de&hellip;<\/p>\n","protected":false},"author":2,"featured_media":361,"parent":0,"menu_order":0,"comment_status":"closed","ping_status":"closed","template":"","meta":{"_ti_tpc_template_sync":false,"_ti_tpc_template_id":"","footnotes":""},"class_list":["post-362","page","type-page","status-publish","has-post-thumbnail","hentry"],"_links":{"self":[{"href":"https:\/\/lames-experts.fr\/index.php\/wp-json\/wp\/v2\/pages\/362","targetHints":{"allow":["GET"]}}],"collection":[{"href":"https:\/\/lames-experts.fr\/index.php\/wp-json\/wp\/v2\/pages"}],"about":[{"href":"https:\/\/lames-experts.fr\/index.php\/wp-json\/wp\/v2\/types\/page"}],"author":[{"embeddable":true,"href":"https:\/\/lames-experts.fr\/index.php\/wp-json\/wp\/v2\/users\/2"}],"replies":[{"embeddable":true,"href":"https:\/\/lames-experts.fr\/index.php\/wp-json\/wp\/v2\/comments?post=362"}],"version-history":[{"count":3,"href":"https:\/\/lames-experts.fr\/index.php\/wp-json\/wp\/v2\/pages\/362\/revisions"}],"predecessor-version":[{"id":411,"href":"https:\/\/lames-experts.fr\/index.php\/wp-json\/wp\/v2\/pages\/362\/revisions\/411"}],"wp:featuredmedia":[{"embeddable":true,"href":"https:\/\/lames-experts.fr\/index.php\/wp-json\/wp\/v2\/media\/361"}],"wp:attachment":[{"href":"https:\/\/lames-experts.fr\/index.php\/wp-json\/wp\/v2\/media?parent=362"}],"curies":[{"name":"wp","href":"https:\/\/api.w.org\/{rel}","templated":true}]}}