{"id":356,"date":"2023-03-28T17:12:22","date_gmt":"2023-03-28T15:12:22","guid":{"rendered":"http:\/\/lames-experts.fr\/?page_id=356"},"modified":"2023-03-29T20:04:33","modified_gmt":"2023-03-29T18:04:33","slug":"ouvre-carton","status":"publish","type":"page","link":"https:\/\/lames-experts.fr\/index.php\/ouvre-carton\/","title":{"rendered":"Ouvre carton"},"content":{"rendered":"\n<p>Notre gamme d&#8217;ouvre cartons est con\u00e7ue pour minimiser autant les risques <br>encourus par l&#8217;utilisateur que par les produits emball\u00e9s.<\/p>\n\n\n\n<div class=\"wp-block-columns is-layout-flex wp-container-core-columns-is-layout-9d6595d7 wp-block-columns-is-layout-flex\">\n<div class=\"wp-block-column is-layout-flow wp-block-column-is-layout-flow\" style=\"flex-basis:33.33%\"><div class=\"wp-block-image\">\n<figure class=\"aligncenter size-full\"><img loading=\"lazy\" decoding=\"async\" width=\"150\" height=\"105\" src=\"http:\/\/lames-experts.fr\/wp-content\/uploads\/2023\/03\/knive-1b-1.gif\" alt=\"\" class=\"wp-image-412\"\/><\/figure>\n<\/div><\/div>\n\n\n\n<div class=\"wp-block-column is-layout-flow wp-block-column-is-layout-flow\" style=\"flex-basis:66.66%\">\n<p><strong><mark style=\"background-color:rgba(0, 0, 0, 0)\" class=\"has-inline-color has-luminous-vivid-orange-color\">LE PLUS <\/mark><mark style=\"background-color:rgba(0, 0, 0, 0)\" class=\"has-inline-color has-black-color\">COMPLET<\/mark><mark style=\"background-color:rgba(0, 0, 0, 0)\" class=\"has-inline-color has-luminous-vivid-orange-color\"> &#8211; LE PLUS <\/mark><mark style=\"background-color:rgba(0, 0, 0, 0)\" class=\"has-inline-color has-vivid-green-cyan-color\">SUR<\/mark><\/strong><br>Une lame totalement prot\u00e9g\u00e9e <br>un coupe adh\u00e9sif<br>un guide lame prot\u00e8ge doigt m\u00eame quand la lame est sortie<\/p>\n<\/div>\n<\/div>\n\n\n\n<div class=\"wp-block-columns is-layout-flex wp-container-core-columns-is-layout-9d6595d7 wp-block-columns-is-layout-flex\">\n<div class=\"wp-block-column is-layout-flow wp-block-column-is-layout-flow\" style=\"flex-basis:33.33%\"><div class=\"wp-block-image\">\n<figure class=\"aligncenter size-full\"><img loading=\"lazy\" decoding=\"async\" width=\"150\" height=\"105\" src=\"http:\/\/lames-experts.fr\/wp-content\/uploads\/2023\/03\/knive-2-1.gif\" alt=\"\" class=\"wp-image-398\"\/><\/figure>\n<\/div><\/div>\n\n\n\n<div class=\"wp-block-column is-layout-flow wp-block-column-is-layout-flow\" style=\"flex-basis:66.66%\">\n<p><strong><mark style=\"background-color:rgba(0, 0, 0, 0)\" class=\"has-inline-color has-luminous-vivid-orange-color\">OUVRE CARTON IDEAL (HT62)<\/mark><\/strong><br>L&#8217;outil id\u00e9al pour les quais, Usage intensif<br>Ote agrafe, coupe film, ouvre carton, 5 en 1<br>Utilise nos lames WBG 216<\/p>\n<\/div>\n<\/div>\n\n\n\n<div class=\"wp-block-columns is-layout-flex wp-container-core-columns-is-layout-9d6595d7 wp-block-columns-is-layout-flex\">\n<div class=\"wp-block-column is-layout-flow wp-block-column-is-layout-flow\" style=\"flex-basis:33.33%\"><div class=\"wp-block-image\">\n<figure class=\"aligncenter size-full\"><img loading=\"lazy\" decoding=\"async\" width=\"150\" height=\"105\" src=\"http:\/\/lames-experts.fr\/wp-content\/uploads\/2023\/03\/knive-8-1.gif\" alt=\"\" class=\"wp-image-399\"\/><\/figure>\n<\/div><\/div>\n\n\n\n<div class=\"wp-block-column is-layout-flow wp-block-column-is-layout-flow\" style=\"flex-basis:66.66%\">\n<p><strong><mark style=\"background-color:rgba(0, 0, 0, 0)\" class=\"has-inline-color has-luminous-vivid-orange-color\">OUVRE CARTON A PROTECTION D\u2019AR\u00caTE<\/mark><\/strong><br>Corps m\u00e9tal, lame fixe<br>Protection par m\u00e9canisme \u00e0 ressort<br>Utilise nos lames WBG 206, 4 trous<\/p>\n<\/div>\n<\/div>\n\n\n\n<div class=\"wp-block-columns is-layout-flex wp-container-core-columns-is-layout-9d6595d7 wp-block-columns-is-layout-flex\">\n<div class=\"wp-block-column is-layout-flow wp-block-column-is-layout-flow\" style=\"flex-basis:33.33%\"><div class=\"wp-block-image\">\n<figure class=\"aligncenter size-full\"><img loading=\"lazy\" decoding=\"async\" width=\"150\" height=\"105\" src=\"http:\/\/lames-experts.fr\/wp-content\/uploads\/2023\/03\/knive-5-1.gif\" alt=\"\" class=\"wp-image-400\"\/><\/figure>\n<\/div><\/div>\n\n\n\n<div class=\"wp-block-column is-layout-flow wp-block-column-is-layout-flow\" style=\"flex-basis:66.66%\">\n<p><strong><mark style=\"background-color:rgba(0, 0, 0, 0)\" class=\"has-inline-color has-luminous-vivid-orange-color\">BAGUE OUVERTE COUPE FIL<br><\/mark><\/strong>Anneau ouvert surmoul\u00e9 autour d&#8217;une lame acier<\/p>\n<\/div>\n<\/div>\n","protected":false},"excerpt":{"rendered":"<p>Notre gamme d&#8217;ouvre cartons est con\u00e7ue pour minimiser autant les risques encourus par l&#8217;utilisateur que par les produits emball\u00e9s. LE PLUS COMPLET &#8211; LE PLUS SURUne lame totalement prot\u00e9g\u00e9e un&hellip;<\/p>\n","protected":false},"author":2,"featured_media":353,"parent":0,"menu_order":0,"comment_status":"closed","ping_status":"closed","template":"","meta":{"footnotes":""},"class_list":["post-356","page","type-page","status-publish","has-post-thumbnail","hentry"],"_links":{"self":[{"href":"https:\/\/lames-experts.fr\/index.php\/wp-json\/wp\/v2\/pages\/356","targetHints":{"allow":["GET"]}}],"collection":[{"href":"https:\/\/lames-experts.fr\/index.php\/wp-json\/wp\/v2\/pages"}],"about":[{"href":"https:\/\/lames-experts.fr\/index.php\/wp-json\/wp\/v2\/types\/page"}],"author":[{"embeddable":true,"href":"https:\/\/lames-experts.fr\/index.php\/wp-json\/wp\/v2\/users\/2"}],"replies":[{"embeddable":true,"href":"https:\/\/lames-experts.fr\/index.php\/wp-json\/wp\/v2\/comments?post=356"}],"version-history":[{"count":4,"href":"https:\/\/lames-experts.fr\/index.php\/wp-json\/wp\/v2\/pages\/356\/revisions"}],"predecessor-version":[{"id":414,"href":"https:\/\/lames-experts.fr\/index.php\/wp-json\/wp\/v2\/pages\/356\/revisions\/414"}],"wp:featuredmedia":[{"embeddable":true,"href":"https:\/\/lames-experts.fr\/index.php\/wp-json\/wp\/v2\/media\/353"}],"wp:attachment":[{"href":"https:\/\/lames-experts.fr\/index.php\/wp-json\/wp\/v2\/media?parent=356"}],"curies":[{"name":"wp","href":"https:\/\/api.w.org\/{rel}","templated":true}]}}