{"id":330,"date":"2023-03-27T19:56:16","date_gmt":"2023-03-27T17:56:16","guid":{"rendered":"http:\/\/lames-experts.fr\/?page_id=330"},"modified":"2023-03-27T19:56:16","modified_gmt":"2023-03-27T17:56:16","slug":"couteaux-circulaires","status":"publish","type":"page","link":"https:\/\/lames-experts.fr\/index.php\/couteaux-circulaires\/","title":{"rendered":"Couteaux circulaires"},"content":{"rendered":"\n<p>Les lames circulaires sont utilis\u00e9es dans de nombreuses applications diff\u00e9rentes. Lames Experts a une sp\u00e9cialisation particuli\u00e8re dans ce domaine en utilisant diff\u00e9rents processus de production pour maximiser l&#8217;efficacit\u00e9 et les performances de pointe dans diff\u00e9rentes applications. Les lames circulaires comprennent\u00a0:<\/p>\n\n\n\n<pre class=\"wp-block-code\"><code>Lames de coupe\nCouteaux assiettes\nRefendeuse\nCoupe-noyaux\nTrancheuses<\/code><\/pre>\n\n\n\n<figure class=\"wp-block-image size-full\"><img loading=\"lazy\" decoding=\"async\" width=\"501\" height=\"800\" src=\"http:\/\/lames-experts.fr\/wp-content\/uploads\/2023\/03\/circulaire.jpg\" alt=\"\" class=\"wp-image-331\" srcset=\"https:\/\/lames-experts.fr\/wp-content\/uploads\/2023\/03\/circulaire.jpg 501w, https:\/\/lames-experts.fr\/wp-content\/uploads\/2023\/03\/circulaire-188x300.jpg 188w\" sizes=\"auto, (max-width: 501px) 100vw, 501px\" \/><\/figure>\n","protected":false},"excerpt":{"rendered":"<p>Les lames circulaires sont utilis\u00e9es dans de nombreuses applications diff\u00e9rentes. Lames Experts a une sp\u00e9cialisation particuli\u00e8re dans ce domaine en utilisant diff\u00e9rents processus de production pour maximiser l&#8217;efficacit\u00e9 et les&hellip;<\/p>\n","protected":false},"author":2,"featured_media":0,"parent":0,"menu_order":0,"comment_status":"closed","ping_status":"closed","template":"","meta":{"_ti_tpc_template_sync":false,"_ti_tpc_template_id":"","footnotes":""},"class_list":["post-330","page","type-page","status-publish","hentry"],"_links":{"self":[{"href":"https:\/\/lames-experts.fr\/index.php\/wp-json\/wp\/v2\/pages\/330","targetHints":{"allow":["GET"]}}],"collection":[{"href":"https:\/\/lames-experts.fr\/index.php\/wp-json\/wp\/v2\/pages"}],"about":[{"href":"https:\/\/lames-experts.fr\/index.php\/wp-json\/wp\/v2\/types\/page"}],"author":[{"embeddable":true,"href":"https:\/\/lames-experts.fr\/index.php\/wp-json\/wp\/v2\/users\/2"}],"replies":[{"embeddable":true,"href":"https:\/\/lames-experts.fr\/index.php\/wp-json\/wp\/v2\/comments?post=330"}],"version-history":[{"count":1,"href":"https:\/\/lames-experts.fr\/index.php\/wp-json\/wp\/v2\/pages\/330\/revisions"}],"predecessor-version":[{"id":332,"href":"https:\/\/lames-experts.fr\/index.php\/wp-json\/wp\/v2\/pages\/330\/revisions\/332"}],"wp:attachment":[{"href":"https:\/\/lames-experts.fr\/index.php\/wp-json\/wp\/v2\/media?parent=330"}],"curies":[{"name":"wp","href":"https:\/\/api.w.org\/{rel}","templated":true}]}}