{"id":327,"date":"2023-03-27T19:53:37","date_gmt":"2023-03-27T17:53:37","guid":{"rendered":"http:\/\/lames-experts.fr\/?page_id=327"},"modified":"2023-03-27T19:53:37","modified_gmt":"2023-03-27T17:53:37","slug":"couteaux-dentes","status":"publish","type":"page","link":"https:\/\/lames-experts.fr\/index.php\/couteaux-dentes\/","title":{"rendered":"Couteaux dent\u00e9s"},"content":{"rendered":"\n<p>Nous fabriquons tous les types de couteaux dent\u00e9s destin\u00e9s \u00e0 \u00eatre utilis\u00e9s dans l&#8217;industrie de l&#8217;emballage en utilisant une technologie sur mesure pour des dentures \u00e0 tol\u00e9rances serr\u00e9es \u00e0 la fois en pi\u00e8ce et en bobine. Les produits dent\u00e9s comprennent\u00a0:<\/p>\n\n\n\n<pre class=\"wp-block-code\"><code>Couteaux dent\u00e9s\nCouteaux \u00e0 dents pointues\nCouteaux dent\u00e9s avec encoches de d\u00e9chirure\nCouteaux et enclumes en zigzag\nBobine dent\u00e9e\nScelleuses de ruban\/carton<\/code><\/pre>\n\n\n\n<figure class=\"wp-block-image size-full\"><img loading=\"lazy\" decoding=\"async\" width=\"501\" height=\"561\" src=\"http:\/\/lames-experts.fr\/wp-content\/uploads\/2023\/03\/dentees.jpg\" alt=\"\" class=\"wp-image-328\" srcset=\"https:\/\/lames-experts.fr\/wp-content\/uploads\/2023\/03\/dentees.jpg 501w, https:\/\/lames-experts.fr\/wp-content\/uploads\/2023\/03\/dentees-268x300.jpg 268w\" sizes=\"auto, (max-width: 501px) 100vw, 501px\" \/><\/figure>\n","protected":false},"excerpt":{"rendered":"<p>Nous fabriquons tous les types de couteaux dent\u00e9s destin\u00e9s \u00e0 \u00eatre utilis\u00e9s dans l&#8217;industrie de l&#8217;emballage en utilisant une technologie sur mesure pour des dentures \u00e0 tol\u00e9rances serr\u00e9es \u00e0 la&hellip;<\/p>\n","protected":false},"author":2,"featured_media":0,"parent":0,"menu_order":0,"comment_status":"closed","ping_status":"closed","template":"","meta":{"footnotes":""},"class_list":["post-327","page","type-page","status-publish","hentry"],"_links":{"self":[{"href":"https:\/\/lames-experts.fr\/index.php\/wp-json\/wp\/v2\/pages\/327","targetHints":{"allow":["GET"]}}],"collection":[{"href":"https:\/\/lames-experts.fr\/index.php\/wp-json\/wp\/v2\/pages"}],"about":[{"href":"https:\/\/lames-experts.fr\/index.php\/wp-json\/wp\/v2\/types\/page"}],"author":[{"embeddable":true,"href":"https:\/\/lames-experts.fr\/index.php\/wp-json\/wp\/v2\/users\/2"}],"replies":[{"embeddable":true,"href":"https:\/\/lames-experts.fr\/index.php\/wp-json\/wp\/v2\/comments?post=327"}],"version-history":[{"count":1,"href":"https:\/\/lames-experts.fr\/index.php\/wp-json\/wp\/v2\/pages\/327\/revisions"}],"predecessor-version":[{"id":329,"href":"https:\/\/lames-experts.fr\/index.php\/wp-json\/wp\/v2\/pages\/327\/revisions\/329"}],"wp:attachment":[{"href":"https:\/\/lames-experts.fr\/index.php\/wp-json\/wp\/v2\/media?parent=327"}],"curies":[{"name":"wp","href":"https:\/\/api.w.org\/{rel}","templated":true}]}}