{"id":29,"date":"2023-03-25T18:00:21","date_gmt":"2023-03-25T17:00:21","guid":{"rendered":"http:\/\/lames-experts.fr\/?page_id=29"},"modified":"2023-03-27T19:42:57","modified_gmt":"2023-03-27T17:42:57","slug":"emballage","status":"publish","type":"page","link":"https:\/\/lames-experts.fr\/index.php\/emballage\/","title":{"rendered":"Couteaux pour machines d&#8217;emballage"},"content":{"rendered":"\n<p>Lames Experts fabrique et fournit toutes sortes de couteaux de machines et de lames industrielles utilis\u00e9es dans les diff\u00e9rents types de machines d&#8217;emballage, qu&#8217;il s&#8217;agisse de machines de formage et de remplissage verticales (VFF) ou horizontales\/flow wrap. <\/p>\n\n\n\n<p>Avec plus de 100 ans en tant que fabricant, notre partenaire poss\u00e8de une exp\u00e9rience consid\u00e9rable dans les mat\u00e9riaux et les processus pour s&#8217;assurer que le couteau s&#8217;adapte \u00e0 l&#8217;application, qu&#8217;il soit droit, rev\u00eatu de PVD ou en zigzag. Nos produits incluent\u00a0:<br>* couteaux droits<br>* lames de coupe<br>* couteaux et enclumes<br>* ciseaux<\/p>\n\n\n\n<p><\/p>\n\n\n\n<figure class=\"wp-block-image size-full\"><img loading=\"lazy\" decoding=\"async\" width=\"501\" height=\"800\" src=\"http:\/\/lames-experts.fr\/wp-content\/uploads\/2023\/03\/vertical.jpg\" alt=\"\" class=\"wp-image-319\" srcset=\"https:\/\/lames-experts.fr\/wp-content\/uploads\/2023\/03\/vertical.jpg 501w, https:\/\/lames-experts.fr\/wp-content\/uploads\/2023\/03\/vertical-188x300.jpg 188w\" sizes=\"auto, (max-width: 501px) 100vw, 501px\" \/><\/figure>\n","protected":false},"excerpt":{"rendered":"<p>Lames Experts fabrique et fournit toutes sortes de couteaux de machines et de lames industrielles utilis\u00e9es dans les diff\u00e9rents types de machines d&#8217;emballage, qu&#8217;il s&#8217;agisse de machines de formage et&hellip;<\/p>\n","protected":false},"author":2,"featured_media":0,"parent":0,"menu_order":0,"comment_status":"closed","ping_status":"closed","template":"","meta":{"_ti_tpc_template_sync":false,"_ti_tpc_template_id":"","footnotes":""},"class_list":["post-29","page","type-page","status-publish","hentry"],"_links":{"self":[{"href":"https:\/\/lames-experts.fr\/index.php\/wp-json\/wp\/v2\/pages\/29","targetHints":{"allow":["GET"]}}],"collection":[{"href":"https:\/\/lames-experts.fr\/index.php\/wp-json\/wp\/v2\/pages"}],"about":[{"href":"https:\/\/lames-experts.fr\/index.php\/wp-json\/wp\/v2\/types\/page"}],"author":[{"embeddable":true,"href":"https:\/\/lames-experts.fr\/index.php\/wp-json\/wp\/v2\/users\/2"}],"replies":[{"embeddable":true,"href":"https:\/\/lames-experts.fr\/index.php\/wp-json\/wp\/v2\/comments?post=29"}],"version-history":[{"count":2,"href":"https:\/\/lames-experts.fr\/index.php\/wp-json\/wp\/v2\/pages\/29\/revisions"}],"predecessor-version":[{"id":320,"href":"https:\/\/lames-experts.fr\/index.php\/wp-json\/wp\/v2\/pages\/29\/revisions\/320"}],"wp:attachment":[{"href":"https:\/\/lames-experts.fr\/index.php\/wp-json\/wp\/v2\/media?parent=29"}],"curies":[{"name":"wp","href":"https:\/\/api.w.org\/{rel}","templated":true}]}}